{"id":966,"date":"2023-06-09T12:18:20","date_gmt":"2023-06-09T12:18:20","guid":{"rendered":"https:\/\/hiller.up-baustelle.de\/?page_id=966"},"modified":"2023-06-09T12:42:16","modified_gmt":"2023-06-09T12:42:16","slug":"tueren-und-passende-bauelemente","status":"publish","type":"page","link":"https:\/\/hiller.up-baustelle.de\/?page_id=966","title":{"rendered":"T\u00fcren und passende Bauelemente"},"content":{"rendered":"\t\t<div data-elementor-type=\"wp-page\" data-elementor-id=\"966\" class=\"elementor elementor-966\" data-elementor-post-type=\"page\">\n\t\t\t\t\t\t\t\t\t<section class=\"elementor-section elementor-top-section elementor-element elementor-element-dcdb8b1 elementor-section-stretched elementor-section-boxed elementor-section-height-default elementor-section-height-default\" data-id=\"dcdb8b1\" data-element_type=\"section\" data-settings=\"{&quot;stretch_section&quot;:&quot;section-stretched&quot;,&quot;background_background&quot;:&quot;classic&quot;}\">\n\t\t\t\t\t\t<div class=\"elementor-container elementor-column-gap-wider\">\n\t\t\t\t\t<div class=\"elementor-column elementor-col-100 elementor-top-column elementor-element elementor-element-49960ae\" data-id=\"49960ae\" data-element_type=\"column\">\n\t\t\t<div class=\"elementor-widget-wrap elementor-element-populated\">\n\t\t\t\t\t\t\t\t<section class=\"elementor-section elementor-inner-section elementor-element elementor-element-42adcd1 elementor-section-boxed elementor-section-height-default elementor-section-height-default\" data-id=\"42adcd1\" data-element_type=\"section\">\n\t\t\t\t\t\t<div class=\"elementor-container elementor-column-gap-default\">\n\t\t\t\t\t<div class=\"elementor-column elementor-col-100 elementor-inner-column elementor-element elementor-element-70a1175\" data-id=\"70a1175\" data-element_type=\"column\">\n\t\t\t<div class=\"elementor-widget-wrap elementor-element-populated\">\n\t\t\t\t\t\t\t\t<div class=\"elementor-element elementor-element-bff4352 elementor-widget elementor-widget-text-editor\" data-id=\"bff4352\" data-element_type=\"widget\" data-widget_type=\"text-editor.default\">\n\t\t\t\t<div class=\"elementor-widget-container\">\n\t\t\t<style>\/*! elementor - v3.15.0 - 20-08-2023 *\/\n.elementor-widget-text-editor.elementor-drop-cap-view-stacked .elementor-drop-cap{background-color:#69727d;color:#fff}.elementor-widget-text-editor.elementor-drop-cap-view-framed .elementor-drop-cap{color:#69727d;border:3px solid;background-color:transparent}.elementor-widget-text-editor:not(.elementor-drop-cap-view-default) .elementor-drop-cap{margin-top:8px}.elementor-widget-text-editor:not(.elementor-drop-cap-view-default) .elementor-drop-cap-letter{width:1em;height:1em}.elementor-widget-text-editor .elementor-drop-cap{float:left;text-align:center;line-height:1;font-size:50px}.elementor-widget-text-editor .elementor-drop-cap-letter{display:inline-block}<\/style>\t\t\t\t<h1>Trockenbau T\u00fcren und passende Bauelemente<\/h1>\t\t\t\t\t\t<\/div>\n\t\t\t\t<\/div>\n\t\t\t\t\t<\/div>\n\t\t<\/div>\n\t\t\t\t\t\t\t<\/div>\n\t\t<\/section>\n\t\t\t\t<section class=\"elementor-section elementor-inner-section elementor-element elementor-element-276367a elementor-section-boxed elementor-section-height-default elementor-section-height-default\" data-id=\"276367a\" data-element_type=\"section\">\n\t\t\t\t\t\t<div class=\"elementor-container elementor-column-gap-default\">\n\t\t\t\t\t<div class=\"elementor-column elementor-col-50 elementor-inner-column elementor-element elementor-element-d7292e7\" data-id=\"d7292e7\" data-element_type=\"column\">\n\t\t\t<div class=\"elementor-widget-wrap elementor-element-populated\">\n\t\t\t\t\t\t\t\t<div class=\"elementor-element elementor-element-79210c8 elementor-widget elementor-widget-text-editor\" data-id=\"79210c8\" data-element_type=\"widget\" data-widget_type=\"text-editor.default\">\n\t\t\t\t<div class=\"elementor-widget-container\">\n\t\t\t\t\t\t\t<h2>F\u00fcr jeden Einsatz eine passende L\u00f6sung<\/h2>\t\t\t\t\t\t<\/div>\n\t\t\t\t<\/div>\n\t\t\t\t<div class=\"elementor-element elementor-element-63dcaf4 elementor-widget-divider--view-line elementor-widget elementor-widget-divider\" data-id=\"63dcaf4\" data-element_type=\"widget\" data-widget_type=\"divider.default\">\n\t\t\t\t<div class=\"elementor-widget-container\">\n\t\t\t<style>\/*! elementor - v3.15.0 - 20-08-2023 *\/\n.elementor-widget-divider{--divider-border-style:none;--divider-border-width:1px;--divider-color:#0c0d0e;--divider-icon-size:20px;--divider-element-spacing:10px;--divider-pattern-height:24px;--divider-pattern-size:20px;--divider-pattern-url:none;--divider-pattern-repeat:repeat-x}.elementor-widget-divider .elementor-divider{display:flex}.elementor-widget-divider .elementor-divider__text{font-size:15px;line-height:1;max-width:95%}.elementor-widget-divider .elementor-divider__element{margin:0 var(--divider-element-spacing);flex-shrink:0}.elementor-widget-divider .elementor-icon{font-size:var(--divider-icon-size)}.elementor-widget-divider .elementor-divider-separator{display:flex;margin:0;direction:ltr}.elementor-widget-divider--view-line_icon .elementor-divider-separator,.elementor-widget-divider--view-line_text .elementor-divider-separator{align-items:center}.elementor-widget-divider--view-line_icon .elementor-divider-separator:after,.elementor-widget-divider--view-line_icon .elementor-divider-separator:before,.elementor-widget-divider--view-line_text .elementor-divider-separator:after,.elementor-widget-divider--view-line_text .elementor-divider-separator:before{display:block;content:\"\";border-bottom:0;flex-grow:1;border-top:var(--divider-border-width) var(--divider-border-style) var(--divider-color)}.elementor-widget-divider--element-align-left .elementor-divider .elementor-divider-separator>.elementor-divider__svg:first-of-type{flex-grow:0;flex-shrink:100}.elementor-widget-divider--element-align-left .elementor-divider-separator:before{content:none}.elementor-widget-divider--element-align-left .elementor-divider__element{margin-left:0}.elementor-widget-divider--element-align-right .elementor-divider .elementor-divider-separator>.elementor-divider__svg:last-of-type{flex-grow:0;flex-shrink:100}.elementor-widget-divider--element-align-right .elementor-divider-separator:after{content:none}.elementor-widget-divider--element-align-right .elementor-divider__element{margin-right:0}.elementor-widget-divider:not(.elementor-widget-divider--view-line_text):not(.elementor-widget-divider--view-line_icon) .elementor-divider-separator{border-top:var(--divider-border-width) var(--divider-border-style) var(--divider-color)}.elementor-widget-divider--separator-type-pattern{--divider-border-style:none}.elementor-widget-divider--separator-type-pattern.elementor-widget-divider--view-line .elementor-divider-separator,.elementor-widget-divider--separator-type-pattern:not(.elementor-widget-divider--view-line) .elementor-divider-separator:after,.elementor-widget-divider--separator-type-pattern:not(.elementor-widget-divider--view-line) .elementor-divider-separator:before,.elementor-widget-divider--separator-type-pattern:not([class*=elementor-widget-divider--view]) .elementor-divider-separator{width:100%;min-height:var(--divider-pattern-height);-webkit-mask-size:var(--divider-pattern-size) 100%;mask-size:var(--divider-pattern-size) 100%;-webkit-mask-repeat:var(--divider-pattern-repeat);mask-repeat:var(--divider-pattern-repeat);background-color:var(--divider-color);-webkit-mask-image:var(--divider-pattern-url);mask-image:var(--divider-pattern-url)}.elementor-widget-divider--no-spacing{--divider-pattern-size:auto}.elementor-widget-divider--bg-round{--divider-pattern-repeat:round}.rtl .elementor-widget-divider .elementor-divider__text{direction:rtl}.e-con-inner>.elementor-widget-divider,.e-con>.elementor-widget-divider{width:var(--container-widget-width,100%);--flex-grow:var(--container-widget-flex-grow)}<\/style>\t\t<div class=\"elementor-divider\">\n\t\t\t<span class=\"elementor-divider-separator\">\n\t\t\t\t\t\t<\/span>\n\t\t<\/div>\n\t\t\t\t<\/div>\n\t\t\t\t<\/div>\n\t\t\t\t\t<\/div>\n\t\t<\/div>\n\t\t\t\t<div class=\"elementor-column elementor-col-50 elementor-inner-column elementor-element elementor-element-b317750\" data-id=\"b317750\" data-element_type=\"column\">\n\t\t\t<div class=\"elementor-widget-wrap elementor-element-populated\">\n\t\t\t\t\t\t\t\t<div class=\"elementor-element elementor-element-e3c9f9f elementor-widget elementor-widget-text-editor\" data-id=\"e3c9f9f\" data-element_type=\"widget\" data-widget_type=\"text-editor.default\">\n\t\t\t\t<div class=\"elementor-widget-container\">\n\t\t\t\t\t\t\tInsgesamt gibt es eine Vielzahl von Bauelementen, die im Trockenbau f\u00fcr T\u00fcren verwendet werden k\u00f6nnen. Die Auswahl h\u00e4ngt von den spezifischen Anforderungen des Projekts ab. Bereits w\u00e4hrend der Planungsphase ber\u00fccksichtigt Hiller hier in enger Abstimmung mit dem Auftraggeber insbesondere Faktoren wie zum Beispiel Gr\u00f6\u00dfe, Schallschutz und Design.\t\t\t\t\t\t<\/div>\n\t\t\t\t<\/div>\n\t\t\t\t<div class=\"elementor-element elementor-element-7b9bf18 elementor-widget elementor-widget-text-editor\" data-id=\"7b9bf18\" data-element_type=\"widget\" data-widget_type=\"text-editor.default\">\n\t\t\t\t<div class=\"elementor-widget-container\">\n\t\t\t\t\t\t\t<b>Auswahl in verschiedenen Gr\u00f6\u00dfen und Ausf\u00fchrungen:<br><\/b>\n<span style=\"color: #f28c00;\">I <\/span><strong>T\u00fcrzargen<\/strong><br>\n<span style=\"color: #f28c00;\">I <\/span><strong>T\u00fcrbl\u00e4tter<\/strong><br>\n\n<span style=\"color: #f28c00;\">I <\/span><strong>T\u00fcrschlie\u00dfer<\/strong><br>\n\n<span style=\"color: #f28c00;\">I <\/span><strong>T\u00fcrgriffe<\/strong><br>\n\n<span style=\"color: #f28c00;\">I <\/span><strong>T\u00fcrdichtungen<\/strong><br>\n<span style=\"color: #f28c00;\">I <\/span><strong>T\u00fcrschwellen<\/strong>\t\t\t\t\t\t<\/div>\n\t\t\t\t<\/div>\n\t\t\t\t\t<\/div>\n\t\t<\/div>\n\t\t\t\t\t\t\t<\/div>\n\t\t<\/section>\n\t\t\t\t\t<\/div>\n\t\t<\/div>\n\t\t\t\t\t\t\t<\/div>\n\t\t<\/section>\n\t\t\t\t<section class=\"elementor-section elementor-top-section elementor-element elementor-element-6a0b02a elementor-section-full_width elementor-section-height-min-height elementor-section-items-stretch elementor-section-height-default\" data-id=\"6a0b02a\" data-element_type=\"section\">\n\t\t\t\t\t\t<div class=\"elementor-container elementor-column-gap-default\">\n\t\t\t\t\t<div class=\"elementor-column elementor-col-100 elementor-top-column elementor-element elementor-element-9d67cfe\" data-id=\"9d67cfe\" data-element_type=\"column\">\n\t\t\t<div class=\"elementor-widget-wrap elementor-element-populated\">\n\t\t\t\t\t\t\t\t<div class=\"elementor-element elementor-element-080bd81 elementor-arrows-position-inside elementor-widget elementor-widget-image-carousel\" data-id=\"080bd81\" data-element_type=\"widget\" data-settings=\"{&quot;slides_to_show&quot;:&quot;3&quot;,&quot;slides_to_scroll&quot;:&quot;1&quot;,&quot;navigation&quot;:&quot;arrows&quot;,&quot;pause_on_hover&quot;:&quot;no&quot;,&quot;pause_on_interaction&quot;:&quot;no&quot;,&quot;slides_to_show_mobile&quot;:&quot;1&quot;,&quot;slides_to_show_tablet&quot;:&quot;3&quot;,&quot;autoplay&quot;:&quot;yes&quot;,&quot;autoplay_speed&quot;:5000,&quot;infinite&quot;:&quot;yes&quot;,&quot;speed&quot;:500,&quot;image_spacing_custom&quot;:{&quot;unit&quot;:&quot;px&quot;,&quot;size&quot;:20,&quot;sizes&quot;:[]},&quot;image_spacing_custom_tablet&quot;:{&quot;unit&quot;:&quot;px&quot;,&quot;size&quot;:&quot;&quot;,&quot;sizes&quot;:[]}}\" data-widget_type=\"image-carousel.default\">\n\t\t\t\t<div class=\"elementor-widget-container\">\n\t\t\t<style>\/*! elementor - v3.15.0 - 20-08-2023 *\/\n.elementor-widget-image-carousel .swiper,.elementor-widget-image-carousel .swiper-container{position:static}.elementor-widget-image-carousel .swiper-container .swiper-slide figure,.elementor-widget-image-carousel .swiper .swiper-slide figure{line-height:inherit}.elementor-widget-image-carousel .swiper-slide{text-align:center}.elementor-image-carousel-wrapper:not(.swiper-container-initialized):not(.swiper-initialized) .swiper-slide{max-width:calc(100% \/ var(--e-image-carousel-slides-to-show, 3))}<\/style>\t\t<div class=\"elementor-image-carousel-wrapper swiper\" dir=\"ltr\">\n\t\t\t<div class=\"elementor-image-carousel swiper-wrapper swiper-image-stretch\" aria-live=\"off\">\n\t\t\t\t\t\t\t\t<div class=\"swiper-slide\" role=\"group\" aria-roledescription=\"slide\" aria-label=\"1 von 6\"><figure class=\"swiper-slide-inner\"><img decoding=\"async\" class=\"swiper-slide-image\" src=\"https:\/\/hiller.up-baustelle.de\/wp-content\/uploads\/2023\/06\/1-1.jpg\" alt=\"1-1.jpg\" \/><\/figure><\/div><div class=\"swiper-slide\" role=\"group\" aria-roledescription=\"slide\" aria-label=\"2 von 6\"><figure class=\"swiper-slide-inner\"><img decoding=\"async\" class=\"swiper-slide-image\" src=\"https:\/\/hiller.up-baustelle.de\/wp-content\/uploads\/2023\/06\/2-1.jpg\" alt=\"2-1.jpg\" \/><\/figure><\/div><div class=\"swiper-slide\" role=\"group\" aria-roledescription=\"slide\" aria-label=\"3 von 6\"><figure class=\"swiper-slide-inner\"><img decoding=\"async\" class=\"swiper-slide-image\" src=\"https:\/\/hiller.up-baustelle.de\/wp-content\/uploads\/2023\/06\/Image3.jpg\" alt=\"Image3.jpg\" \/><\/figure><\/div><div class=\"swiper-slide\" role=\"group\" aria-roledescription=\"slide\" aria-label=\"4 von 6\"><figure class=\"swiper-slide-inner\"><img decoding=\"async\" class=\"swiper-slide-image\" src=\"https:\/\/hiller.up-baustelle.de\/wp-content\/uploads\/2023\/06\/Image-8.jpg\" alt=\"Image-8.jpg\" \/><\/figure><\/div><div class=\"swiper-slide\" role=\"group\" aria-roledescription=\"slide\" aria-label=\"5 von 6\"><figure class=\"swiper-slide-inner\"><img decoding=\"async\" class=\"swiper-slide-image\" src=\"https:\/\/hiller.up-baustelle.de\/wp-content\/uploads\/2023\/06\/5-1.jpg\" alt=\"5-1.jpg\" \/><\/figure><\/div><div class=\"swiper-slide\" role=\"group\" aria-roledescription=\"slide\" aria-label=\"6 von 6\"><figure class=\"swiper-slide-inner\"><img decoding=\"async\" class=\"swiper-slide-image\" src=\"https:\/\/hiller.up-baustelle.de\/wp-content\/uploads\/2023\/06\/6-1.jpg\" alt=\"6-1.jpg\" \/><\/figure><\/div>\t\t\t<\/div>\n\t\t\t\t\t\t\t\t\t\t\t\t<div class=\"elementor-swiper-button elementor-swiper-button-prev\" role=\"button\" tabindex=\"0\">\n\t\t\t\t\t\t<i aria-hidden=\"true\" class=\"eicon-chevron-left\"><\/i>\t\t\t\t\t<\/div>\n\t\t\t\t\t<div class=\"elementor-swiper-button elementor-swiper-button-next\" role=\"button\" tabindex=\"0\">\n\t\t\t\t\t\t<i aria-hidden=\"true\" class=\"eicon-chevron-right\"><\/i>\t\t\t\t\t<\/div>\n\t\t\t\t\n\t\t\t\t\t\t\t\t\t<\/div>\n\t\t\t\t<\/div>\n\t\t\t\t<\/div>\n\t\t\t\t\t<\/div>\n\t\t<\/div>\n\t\t\t\t\t\t\t<\/div>\n\t\t<\/section>\n\t\t\t\t\t\t\t<\/div>\n\t\t","protected":false},"excerpt":{"rendered":"<p>Trockenbau T\u00fcren und passende Bauelemente F\u00fcr jeden Einsatz eine passende L\u00f6sung Insgesamt gibt es eine Vielzahl von Bauelementen, die im Trockenbau f\u00fcr T\u00fcren verwendet werden k\u00f6nnen.<span class=\"excerpt-hellip\"> [\u2026]<\/span><\/p>\n","protected":false},"author":1,"featured_media":0,"parent":0,"menu_order":0,"comment_status":"open","ping_status":"closed","template":"","meta":{"footnotes":""},"class_list":["post-966","page","type-page","status-publish","hentry"],"yoast_head":"<!-- This site is optimized with the Yoast SEO plugin v20.8 - https:\/\/yoast.com\/wordpress\/plugins\/seo\/ -->\n<title>T\u00fcren und passende Bauelemente - Hiller<\/title>\n<meta name=\"robots\" content=\"index, follow, max-snippet:-1, max-image-preview:large, max-video-preview:-1\" \/>\n<link rel=\"canonical\" href=\"https:\/\/hiller.up-baustelle.de\/?page_id=966\" \/>\n<meta property=\"og:locale\" content=\"de_DE\" \/>\n<meta property=\"og:type\" content=\"article\" \/>\n<meta property=\"og:title\" content=\"T\u00fcren und passende Bauelemente - Hiller\" \/>\n<meta property=\"og:description\" content=\"Trockenbau T\u00fcren und passende Bauelemente F\u00fcr jeden Einsatz eine passende L\u00f6sung Insgesamt gibt es eine Vielzahl von Bauelementen, die im Trockenbau f\u00fcr T\u00fcren verwendet werden k\u00f6nnen. [\u2026]\" \/>\n<meta property=\"og:url\" content=\"https:\/\/hiller.up-baustelle.de\/?page_id=966\" \/>\n<meta property=\"og:site_name\" content=\"Hiller\" \/>\n<meta property=\"article:modified_time\" content=\"2023-06-09T12:42:16+00:00\" \/>\n<meta property=\"og:image\" content=\"https:\/\/hiller.up-baustelle.de\/wp-content\/uploads\/2023\/06\/1-1.jpg\" \/>\n<meta name=\"twitter:card\" content=\"summary_large_image\" \/>\n<meta name=\"twitter:label1\" content=\"Gesch\u00e4tzte Lesezeit\" \/>\n\t<meta name=\"twitter:data1\" content=\"3\u00a0Minuten\" \/>\n<script type=\"application\/ld+json\" class=\"yoast-schema-graph\">{\"@context\":\"https:\/\/schema.org\",\"@graph\":[{\"@type\":\"WebPage\",\"@id\":\"https:\/\/hiller.up-baustelle.de\/?page_id=966\",\"url\":\"https:\/\/hiller.up-baustelle.de\/?page_id=966\",\"name\":\"T\u00fcren und passende Bauelemente - Hiller\",\"isPartOf\":{\"@id\":\"https:\/\/hiller.up-baustelle.de\/#website\"},\"datePublished\":\"2023-06-09T12:18:20+00:00\",\"dateModified\":\"2023-06-09T12:42:16+00:00\",\"breadcrumb\":{\"@id\":\"https:\/\/hiller.up-baustelle.de\/?page_id=966#breadcrumb\"},\"inLanguage\":\"de\",\"potentialAction\":[{\"@type\":\"ReadAction\",\"target\":[\"https:\/\/hiller.up-baustelle.de\/?page_id=966\"]}]},{\"@type\":\"BreadcrumbList\",\"@id\":\"https:\/\/hiller.up-baustelle.de\/?page_id=966#breadcrumb\",\"itemListElement\":[{\"@type\":\"ListItem\",\"position\":1,\"name\":\"Startseite\",\"item\":\"https:\/\/hiller.up-baustelle.de\/\"},{\"@type\":\"ListItem\",\"position\":2,\"name\":\"T\u00fcren und passende Bauelemente\"}]},{\"@type\":\"WebSite\",\"@id\":\"https:\/\/hiller.up-baustelle.de\/#website\",\"url\":\"https:\/\/hiller.up-baustelle.de\/\",\"name\":\"Hiller\",\"description\":\"\",\"publisher\":{\"@id\":\"https:\/\/hiller.up-baustelle.de\/#organization\"},\"potentialAction\":[{\"@type\":\"SearchAction\",\"target\":{\"@type\":\"EntryPoint\",\"urlTemplate\":\"https:\/\/hiller.up-baustelle.de\/?s={search_term_string}\"},\"query-input\":\"required name=search_term_string\"}],\"inLanguage\":\"de\"},{\"@type\":\"Organization\",\"@id\":\"https:\/\/hiller.up-baustelle.de\/#organization\",\"name\":\"Hiller\",\"url\":\"https:\/\/hiller.up-baustelle.de\/\",\"logo\":{\"@type\":\"ImageObject\",\"inLanguage\":\"de\",\"@id\":\"https:\/\/hiller.up-baustelle.de\/#\/schema\/logo\/image\/\",\"url\":\"https:\/\/hiller.up-baustelle.de\/wp-content\/uploads\/2023\/06\/hiller-gruppe.png\",\"contentUrl\":\"https:\/\/hiller.up-baustelle.de\/wp-content\/uploads\/2023\/06\/hiller-gruppe.png\",\"width\":1275,\"height\":363,\"caption\":\"Hiller\"},\"image\":{\"@id\":\"https:\/\/hiller.up-baustelle.de\/#\/schema\/logo\/image\/\"}}]}<\/script>\n<!-- \/ Yoast SEO plugin. -->","yoast_head_json":{"title":"T\u00fcren und passende Bauelemente - Hiller","robots":{"index":"index","follow":"follow","max-snippet":"max-snippet:-1","max-image-preview":"max-image-preview:large","max-video-preview":"max-video-preview:-1"},"canonical":"https:\/\/hiller.up-baustelle.de\/?page_id=966","og_locale":"de_DE","og_type":"article","og_title":"T\u00fcren und passende Bauelemente - Hiller","og_description":"Trockenbau T\u00fcren und passende Bauelemente F\u00fcr jeden Einsatz eine passende L\u00f6sung Insgesamt gibt es eine Vielzahl von Bauelementen, die im Trockenbau f\u00fcr T\u00fcren verwendet werden k\u00f6nnen. [\u2026]","og_url":"https:\/\/hiller.up-baustelle.de\/?page_id=966","og_site_name":"Hiller","article_modified_time":"2023-06-09T12:42:16+00:00","og_image":[{"url":"https:\/\/hiller.up-baustelle.de\/wp-content\/uploads\/2023\/06\/1-1.jpg"}],"twitter_card":"summary_large_image","twitter_misc":{"Gesch\u00e4tzte Lesezeit":"3\u00a0Minuten"},"schema":{"@context":"https:\/\/schema.org","@graph":[{"@type":"WebPage","@id":"https:\/\/hiller.up-baustelle.de\/?page_id=966","url":"https:\/\/hiller.up-baustelle.de\/?page_id=966","name":"T\u00fcren und passende Bauelemente - Hiller","isPartOf":{"@id":"https:\/\/hiller.up-baustelle.de\/#website"},"datePublished":"2023-06-09T12:18:20+00:00","dateModified":"2023-06-09T12:42:16+00:00","breadcrumb":{"@id":"https:\/\/hiller.up-baustelle.de\/?page_id=966#breadcrumb"},"inLanguage":"de","potentialAction":[{"@type":"ReadAction","target":["https:\/\/hiller.up-baustelle.de\/?page_id=966"]}]},{"@type":"BreadcrumbList","@id":"https:\/\/hiller.up-baustelle.de\/?page_id=966#breadcrumb","itemListElement":[{"@type":"ListItem","position":1,"name":"Startseite","item":"https:\/\/hiller.up-baustelle.de\/"},{"@type":"ListItem","position":2,"name":"T\u00fcren und passende Bauelemente"}]},{"@type":"WebSite","@id":"https:\/\/hiller.up-baustelle.de\/#website","url":"https:\/\/hiller.up-baustelle.de\/","name":"Hiller","description":"","publisher":{"@id":"https:\/\/hiller.up-baustelle.de\/#organization"},"potentialAction":[{"@type":"SearchAction","target":{"@type":"EntryPoint","urlTemplate":"https:\/\/hiller.up-baustelle.de\/?s={search_term_string}"},"query-input":"required name=search_term_string"}],"inLanguage":"de"},{"@type":"Organization","@id":"https:\/\/hiller.up-baustelle.de\/#organization","name":"Hiller","url":"https:\/\/hiller.up-baustelle.de\/","logo":{"@type":"ImageObject","inLanguage":"de","@id":"https:\/\/hiller.up-baustelle.de\/#\/schema\/logo\/image\/","url":"https:\/\/hiller.up-baustelle.de\/wp-content\/uploads\/2023\/06\/hiller-gruppe.png","contentUrl":"https:\/\/hiller.up-baustelle.de\/wp-content\/uploads\/2023\/06\/hiller-gruppe.png","width":1275,"height":363,"caption":"Hiller"},"image":{"@id":"https:\/\/hiller.up-baustelle.de\/#\/schema\/logo\/image\/"}}]}},"_links":{"self":[{"href":"https:\/\/hiller.up-baustelle.de\/index.php?rest_route=\/wp\/v2\/pages\/966","targetHints":{"allow":["GET"]}}],"collection":[{"href":"https:\/\/hiller.up-baustelle.de\/index.php?rest_route=\/wp\/v2\/pages"}],"about":[{"href":"https:\/\/hiller.up-baustelle.de\/index.php?rest_route=\/wp\/v2\/types\/page"}],"author":[{"embeddable":true,"href":"https:\/\/hiller.up-baustelle.de\/index.php?rest_route=\/wp\/v2\/users\/1"}],"replies":[{"embeddable":true,"href":"https:\/\/hiller.up-baustelle.de\/index.php?rest_route=%2Fwp%2Fv2%2Fcomments&post=966"}],"version-history":[{"count":4,"href":"https:\/\/hiller.up-baustelle.de\/index.php?rest_route=\/wp\/v2\/pages\/966\/revisions"}],"predecessor-version":[{"id":984,"href":"https:\/\/hiller.up-baustelle.de\/index.php?rest_route=\/wp\/v2\/pages\/966\/revisions\/984"}],"wp:attachment":[{"href":"https:\/\/hiller.up-baustelle.de\/index.php?rest_route=%2Fwp%2Fv2%2Fmedia&parent=966"}],"curies":[{"name":"wp","href":"https:\/\/api.w.org\/{rel}","templated":true}]}}